{"id":14,"date":"2025-03-06T15:24:05","date_gmt":"2025-03-06T14:24:05","guid":{"rendered":"http:\/\/davancideathdoula.com\/?page_id=14"},"modified":"2025-10-27T13:20:57","modified_gmt":"2025-10-27T11:20:57","slug":"homepage","status":"publish","type":"page","link":"https:\/\/davancideathdoula.com\/","title":{"rendered":"Homepage"},"content":{"rendered":"<div class=\"aligncenter wp-block-site-logo\"><a href=\"https:\/\/davancideathdoula.com\/\" class=\"custom-logo-link\" rel=\"home\"><img fetchpriority=\"high\" decoding=\"async\" width=\"282\" height=\"282\" src=\"https:\/\/davancideathdoula.com\/wp-content\/uploads\/2025\/03\/LOGO-8-FINAL_transparent.png\" class=\"custom-logo\" alt=\"Da VanCi deathdoula\" srcset=\"https:\/\/davancideathdoula.com\/wp-content\/uploads\/2025\/03\/LOGO-8-FINAL_transparent.png 1563w, https:\/\/davancideathdoula.com\/wp-content\/uploads\/2025\/03\/LOGO-8-FINAL_transparent-300x300.png 300w, https:\/\/davancideathdoula.com\/wp-content\/uploads\/2025\/03\/LOGO-8-FINAL_transparent-1024x1024.png 1024w, https:\/\/davancideathdoula.com\/wp-content\/uploads\/2025\/03\/LOGO-8-FINAL_transparent-150x150.png 150w, https:\/\/davancideathdoula.com\/wp-content\/uploads\/2025\/03\/LOGO-8-FINAL_transparent-768x768.png 768w, https:\/\/davancideathdoula.com\/wp-content\/uploads\/2025\/03\/LOGO-8-FINAL_transparent-1536x1536.png 1536w\" sizes=\"(max-width: 282px) 100vw, 282px\" \/><\/a><\/div>\n\n\n<h2 class=\"wp-block-heading\">Welcome to <br><strong>Da Vanci deathdoula<\/strong><\/h2>\n\n\n\n<h3 class=\"wp-block-heading\">Navigating End of life, Grief and Loss<\/h3>\n\n\n\n<figure class=\"wp-block-image size-large\"><img decoding=\"async\" width=\"768\" height=\"1024\" src=\"https:\/\/davancideathdoula.com\/wp-content\/uploads\/2025\/03\/IMG_3410-768x1024.jpeg\" alt=\"\" class=\"wp-image-54\" srcset=\"https:\/\/davancideathdoula.com\/wp-content\/uploads\/2025\/03\/IMG_3410-768x1024.jpeg 768w, https:\/\/davancideathdoula.com\/wp-content\/uploads\/2025\/03\/IMG_3410-225x300.jpeg 225w, https:\/\/davancideathdoula.com\/wp-content\/uploads\/2025\/03\/IMG_3410-1152x1536.jpeg 1152w, https:\/\/davancideathdoula.com\/wp-content\/uploads\/2025\/03\/IMG_3410-1536x2048.jpeg 1536w, https:\/\/davancideathdoula.com\/wp-content\/uploads\/2025\/03\/IMG_3410-1568x2091.jpeg 1568w, https:\/\/davancideathdoula.com\/wp-content\/uploads\/2025\/03\/IMG_3410-scaled.jpeg 1920w\" sizes=\"(max-width: 768px) 100vw, 768px\" \/><\/figure>\n\n\n\n<h3 class=\"wp-block-heading\">Why talk about death ?<\/h3>\n\n\n\n<p>As a death doula and a grief educator, one of my primary goals is to create spaces for open communication, education and normalization around grief, death and dying. Exploring our mortality and our connection to death is, paradoxically, a deeply meaningful journey in life. Breaking down the taboos surrounding end of life, death and grief and providing resources, can have a real impact on people&#8217;s lives.<\/p>\n\n\n\n<div class=\"wp-block-group\"><div class=\"wp-block-group__inner-container is-layout-constrained wp-block-group-is-layout-constrained\">\n<p>Da VanCi deathdoula is about keeping an open mind, growing, and sharing the knowledge and experience I&#8217;ve gained along the way. Creating new ways to guide people through their mortality and the challenges that death and grief can bring into our lives.<\/p>\n\n\n\n<h3 class=\"wp-block-heading\">What is a death doula<\/h3>\n\n\n\n<p>Death doulas, or end-of-life doulas provide companionship, comfort, and guidance to people facing terminal illness or death and their loved ones. This holistic, non-medical support can include emotional, spiritual, and practical care.<\/p>\n\n\n\n<h2 class=\"wp-block-heading\">Da VanCi deathdoula:it&#8217;s me!<\/h2>\n\n\n\n<figure class=\"wp-block-image size-large\"><img decoding=\"async\" width=\"1024\" height=\"683\" src=\"https:\/\/davancideathdoula.com\/wp-content\/uploads\/2025\/03\/20240709_101633a300dpi-1024x683.jpg\" alt=\"\" class=\"wp-image-139\" srcset=\"https:\/\/davancideathdoula.com\/wp-content\/uploads\/2025\/03\/20240709_101633a300dpi-1024x683.jpg 1024w, https:\/\/davancideathdoula.com\/wp-content\/uploads\/2025\/03\/20240709_101633a300dpi-300x200.jpg 300w, https:\/\/davancideathdoula.com\/wp-content\/uploads\/2025\/03\/20240709_101633a300dpi-768x512.jpg 768w, https:\/\/davancideathdoula.com\/wp-content\/uploads\/2025\/03\/20240709_101633a300dpi-1536x1024.jpg 1536w, https:\/\/davancideathdoula.com\/wp-content\/uploads\/2025\/03\/20240709_101633a300dpi-2048x1365.jpg 2048w, https:\/\/davancideathdoula.com\/wp-content\/uploads\/2025\/03\/20240709_101633a300dpi-1568x1045.jpg 1568w\" sizes=\"(max-width: 1024px) 100vw, 1024px\" \/><\/figure>\n\n\n\n<p>I&#8217;m <strong>Van<\/strong>essa <strong>Ci<\/strong>herean and I\u2019m passionate about human relationships. Curious and enthusiastic, I\u2019ve been exploring the many dimensions of grief, death, and dying for many years. I\u2019m a trained <strong>Palliative Care Volunteer<\/strong>, a certified <strong>Death Doula<\/strong> through <em>Going with Grace<\/em> by Alua Arthur, and a certified <strong>Grief Educator<\/strong> through the <em>Grief Educator Program<\/em> led by grief expert David Kessler.<\/p>\n\n\n\n<p>In the past few years, I\u2019ve been part of <em>Deuil&#8217;S<\/em> (&#8220;grief&#8221; in French), a small team focused on education, support, and resources around end of life, death, and grief, founded by Swiss thanatologist and grief specialist Alix N. Burnand.<br><br>Alongside my volunteer work in end-of-life care, I have been facilitating <em>Death Caf\u00e9s<\/em> in both the UK and now in Finland. Most recently, I also co-founded the first two <em>Companion Voices <\/em>groups in Finland (in Jyv\u00e4skyl\u00e4 and Helsinki). This UK-based initiative offers comforting, soothing singing for people nearing the end of life.<\/p>\n\n\n\n<p>I grew up in Geneva, Switzerland in a multicultural environment and spent several years living abroad, so I\u2019m fluent in French, Spanish, Italian and English. I\u2019ve been living in Jyv\u00e4skyl\u00e4, Finland since December 2023.<\/p>\n<\/div><\/div>\n\n\n\n<h2 class=\"wp-block-heading\">Events<\/h2>\n\n\n\n<h3 class=\"wp-block-heading\">Monthly death caf\u00e9 in Jyv\u00e4skyl\u00e4<\/h3>\n\n\n\n<figure class=\"wp-block-image size-large\"><img loading=\"lazy\" decoding=\"async\" width=\"724\" height=\"1024\" src=\"https:\/\/davancideathdoula.com\/wp-content\/uploads\/2025\/10\/Bite-the-dust_Flyer-2026-724x1024.png\" alt=\"\" class=\"wp-image-540\" srcset=\"https:\/\/davancideathdoula.com\/wp-content\/uploads\/2025\/10\/Bite-the-dust_Flyer-2026-724x1024.png 724w, https:\/\/davancideathdoula.com\/wp-content\/uploads\/2025\/10\/Bite-the-dust_Flyer-2026-212x300.png 212w, https:\/\/davancideathdoula.com\/wp-content\/uploads\/2025\/10\/Bite-the-dust_Flyer-2026-768x1086.png 768w, https:\/\/davancideathdoula.com\/wp-content\/uploads\/2025\/10\/Bite-the-dust_Flyer-2026-1086x1536.png 1086w, https:\/\/davancideathdoula.com\/wp-content\/uploads\/2025\/10\/Bite-the-dust_Flyer-2026.png 1414w\" sizes=\"(max-width: 724px) 100vw, 724px\" \/><\/figure>\n\n\n\n<p><strong>BITE THE DUST, Talking about death over a cuppa\u2028<\/strong><br>Death Caf\u00e9 in English.<br>In Western societies, death and grief are often hidden and we don&#8217;t often talk about them. Yet it is so important to create community spaces where we can all openly share our experiences, feelings and knowledge about a subject that will one day affect us all. Let&#8217;s break the taboo and have a chat! Free event. A donation to support Maatalo&#8217;s activities is very welcome.<br>Find more information on the <a href=\"https:\/\/fb.me\/e\/6TngVx6cq\" data-type=\"link\" data-id=\"https:\/\/fb.me\/e\/6TngVx6cq\">Facebook Event<\/a><\/p>\n\n\n\n<h3 class=\"wp-block-heading\">NEW: Companion Voices in Finland<\/h3>\n\n\n\n<figure class=\"wp-block-image size-large\"><img loading=\"lazy\" decoding=\"async\" width=\"724\" height=\"1024\" src=\"https:\/\/davancideathdoula.com\/wp-content\/uploads\/2025\/10\/CV-flyer_20251108-1-724x1024.png\" alt=\"\" class=\"wp-image-657\" srcset=\"https:\/\/davancideathdoula.com\/wp-content\/uploads\/2025\/10\/CV-flyer_20251108-1-724x1024.png 724w, https:\/\/davancideathdoula.com\/wp-content\/uploads\/2025\/10\/CV-flyer_20251108-1-212x300.png 212w, https:\/\/davancideathdoula.com\/wp-content\/uploads\/2025\/10\/CV-flyer_20251108-1-768x1086.png 768w, https:\/\/davancideathdoula.com\/wp-content\/uploads\/2025\/10\/CV-flyer_20251108-1-1086x1536.png 1086w, https:\/\/davancideathdoula.com\/wp-content\/uploads\/2025\/10\/CV-flyer_20251108-1.png 1414w\" sizes=\"(max-width: 724px) 100vw, 724px\" \/><\/figure>\n\n\n\n<p><strong>Companion Voices<\/strong> is a meaningful project initiated in the UK, dedicated to soothing and accompanying individuals at the end of life through beautiful and calming songs and sounds. <strong>Minna and Vanessa<\/strong> embarked on this heartfelt journey together last autumn, and they are excited to share experiences from their new Jyv\u00e4skyl\u00e4 group with you, as well as their vision and plans for a new group in Helsinki! Curious? Come and listen to our songs ! <br>More information on the <a href=\"https:\/\/fb.me\/e\/8p2SRoqOP\" data-type=\"link\" data-id=\"https:\/\/fb.me\/e\/8p2SRoqOP\">Facebook Event <\/a><\/p>\n\n\n\n<h2 class=\"wp-block-heading\">The Da VanCi Blog <\/h2>\n\n\n\n<h3 class=\"wp-block-heading\">Read my latest news<\/h3>\n\n\n<div style=\"padding-top:0;padding-bottom:0;\" class=\"wp-block-latest-posts__list wp-block-advanced-posts-listing-advanced-posts-listing-block\"><style>\r\n                .read-more-button {\r\n                    background-color: #000000!important;\r\n                    color: #ffffff !important;\r\n                    padding: 8px 13px !important;\r\n                }\r\n                .pagination .page-numbers:hover, .pagination .page-numbers.current {\r\n                    background-color:#000000!important;\r\n                    color: #ffffff!important;\r\n                    border-color: #000000!important;\r\n                }.post-title .title { color: #ffffff !important; text-decoration: none; } .post-title .title:hover { color: #dddddd !important; } .post-content, .post-content p { color: #ffffff !important; } .read-more-button { background-color: transparent !important; color: #ffffff !important; border: 1px solid #ffffff !important; padding: 8px 13px !important; text-transform: lowercase; } .read-more-button:hover { background-color: #ffffff !important; color: #4b0082 !important; } .post-image img { border-radius: 6px; margin-bottom: 10px; }\r\n            .post-container {\r\n                margin-bottom: 13px !important; \r\n            }<\/style><div class=\"listing-layout\"><div class=\"post-container\">    <div class=\"post-title\"  ><a href=\"https:\/\/davancideathdoula.com\/?p=314\" class=\"title\">I&#8217;m a Certified Grief Educator!<\/a>    <\/div>    <div class=\"post-content\" ><p>CERTIFICATE OF ACHIEVEMENTGrief Educator Certificate Program I\u2019m honored to share that I\u2019m now a Certified Grief Educator. This milestone marks the completion of a transformative 12-week journey and the beginning&hellip;    <\/p><\/div>    <div class=\"read-more-btn\">        <a target=\"_blank\" href=\"https:\/\/davancideathdoula.com\/?p=314\" class=\"read-more-button\" style=\"font-size:1rem\">read more<\/a>    <\/div><\/div><div class=\"post-container\">    <div class=\"post-title\"  ><a href=\"https:\/\/davancideathdoula.com\/?p=294\" class=\"title\">Unexpected Encounter at the 19th World Congress of the European Association for Palliative Care<\/a>    <\/div>    <div class=\"post-content\" ><p>May 29-31th. Volunteering at EAPC2025 in Helsinki brought me not only inspiration from deeply meaningful topics, but also the joy of an unexpected reunion after 20 years! Do you remember&hellip;    <\/p><\/div>    <div class=\"read-more-btn\">        <a target=\"_blank\" href=\"https:\/\/davancideathdoula.com\/?p=294\" class=\"read-more-button\" style=\"font-size:1rem\">read more<\/a>    <\/div><\/div><div class=\"post-container\">    <div class=\"post-title\"  ><a href=\"https:\/\/davancideathdoula.com\/?p=273\" class=\"title\">Learning to Hold Space: A Grief Educator\u2019s Journey<\/a>    <\/div>    <div class=\"post-content\" ><p>April 4th, 2025. Grief Educator Certification &#8211; Week 1 This week marked the start of an enriching new chapter: my journey with the Grief Educator Certification program, led by the&hellip;    <\/p><\/div>    <div class=\"read-more-btn\">        <a target=\"_blank\" href=\"https:\/\/davancideathdoula.com\/?p=273\" class=\"read-more-button\" style=\"font-size:1rem\">read more<\/a>    <\/div><\/div><\/div><nav class=\"pagination wep-pagination center\"><span aria-current=\"page\" class=\"page-numbers current\">1<\/span><a class=\"page-numbers\" class=\"page-numbers\" href=\"https:\/\/davancideathdoula.com\/index.php\/?paged=2\">2<\/a><a class=\"page-numbers\" class=\"page-numbers\" href=\"https:\/\/davancideathdoula.com\/index.php\/?paged=3\">3<\/a><a class=\"page-numbers\" class=\"page-numbers\" href=\"https:\/\/davancideathdoula.com\/index.php\/?paged=4\">4<\/a><a class=\"page-numbers\" class=\"next page-numbers\" href=\"https:\/\/davancideathdoula.com\/index.php\/?paged=2\">Next<\/a><\/nav><\/div>\n\n\n<h2 class=\"wp-block-heading\">Contact<\/h2>\n\n\n\n<p><strong>Da VanCi deathdoula<\/strong><br>Vanessa Ciherean<br><br>\u260e +358 (0)4 5206 4580<br>\u2709\ufe0f info(at)davancideathdoula.com<br>Follow me on <a href=\"https:\/\/www.facebook.com\/profile.php?id=61557619413250\" data-type=\"link\" data-id=\"https:\/\/www.facebook.com\/profile.php?id=61557619413250\">Facebook<\/a><\/p>\n\n\n<div class=\"wp-block-image\">\n<figure class=\"aligncenter size-large is-resized\"><img loading=\"lazy\" decoding=\"async\" width=\"1024\" height=\"1024\" src=\"https:\/\/davancideathdoula.com\/wp-content\/uploads\/2025\/03\/LOGO-8-FINAL_transparent-1024x1024.png\" alt=\"\" class=\"wp-image-131\" style=\"width:276px;height:auto\" srcset=\"https:\/\/davancideathdoula.com\/wp-content\/uploads\/2025\/03\/LOGO-8-FINAL_transparent-1024x1024.png 1024w, https:\/\/davancideathdoula.com\/wp-content\/uploads\/2025\/03\/LOGO-8-FINAL_transparent-300x300.png 300w, https:\/\/davancideathdoula.com\/wp-content\/uploads\/2025\/03\/LOGO-8-FINAL_transparent-150x150.png 150w, https:\/\/davancideathdoula.com\/wp-content\/uploads\/2025\/03\/LOGO-8-FINAL_transparent-768x768.png 768w, https:\/\/davancideathdoula.com\/wp-content\/uploads\/2025\/03\/LOGO-8-FINAL_transparent-1536x1536.png 1536w, https:\/\/davancideathdoula.com\/wp-content\/uploads\/2025\/03\/LOGO-8-FINAL_transparent.png 1563w\" sizes=\"(max-width: 1024px) 100vw, 1024px\" \/><\/figure><\/div>\n\n\n<div class=\"wp-block-group\"><div class=\"wp-block-group__inner-container is-layout-constrained wp-block-group-is-layout-constrained\">\n<figure class=\"wp-block-image size-large\"><img loading=\"lazy\" decoding=\"async\" width=\"768\" height=\"1024\" src=\"https:\/\/davancideathdoula.com\/wp-content\/uploads\/2025\/03\/IMG_3446-768x1024.jpeg\" alt=\"\" class=\"wp-image-134\" srcset=\"https:\/\/davancideathdoula.com\/wp-content\/uploads\/2025\/03\/IMG_3446-768x1024.jpeg 768w, https:\/\/davancideathdoula.com\/wp-content\/uploads\/2025\/03\/IMG_3446-225x300.jpeg 225w, https:\/\/davancideathdoula.com\/wp-content\/uploads\/2025\/03\/IMG_3446-1152x1536.jpeg 1152w, https:\/\/davancideathdoula.com\/wp-content\/uploads\/2025\/03\/IMG_3446-1536x2048.jpeg 1536w, https:\/\/davancideathdoula.com\/wp-content\/uploads\/2025\/03\/IMG_3446-1568x2091.jpeg 1568w, https:\/\/davancideathdoula.com\/wp-content\/uploads\/2025\/03\/IMG_3446-scaled.jpeg 1920w\" sizes=\"(max-width: 768px) 100vw, 768px\" \/><\/figure>\n<\/div><\/div>\n\n\n\n<p><\/p>\n","protected":false},"excerpt":{"rendered":"<p>Welcome to Da Vanci deathdoula Navigating End of life, Grief and Loss Why talk about death ? As a death doula and a grief educator, one of my primary goals&hellip; <a class=\"more-link\" href=\"https:\/\/davancideathdoula.com\/\">Continue reading <span class=\"screen-reader-text\">Homepage<\/span><\/a><\/p>\n","protected":false},"author":1,"featured_media":0,"parent":0,"menu_order":0,"comment_status":"closed","ping_status":"closed","template":"","meta":{"footnotes":""},"class_list":["post-14","page","type-page","status-publish","hentry","entry"],"featured_image_url":[],"post_author":"admin1256","assigned_categories":"","featured_image_src":null,"_links":{"self":[{"href":"https:\/\/davancideathdoula.com\/index.php?rest_route=\/wp\/v2\/pages\/14","targetHints":{"allow":["GET"]}}],"collection":[{"href":"https:\/\/davancideathdoula.com\/index.php?rest_route=\/wp\/v2\/pages"}],"about":[{"href":"https:\/\/davancideathdoula.com\/index.php?rest_route=\/wp\/v2\/types\/page"}],"author":[{"embeddable":true,"href":"https:\/\/davancideathdoula.com\/index.php?rest_route=\/wp\/v2\/users\/1"}],"replies":[{"embeddable":true,"href":"https:\/\/davancideathdoula.com\/index.php?rest_route=%2Fwp%2Fv2%2Fcomments&post=14"}],"version-history":[{"count":111,"href":"https:\/\/davancideathdoula.com\/index.php?rest_route=\/wp\/v2\/pages\/14\/revisions"}],"predecessor-version":[{"id":661,"href":"https:\/\/davancideathdoula.com\/index.php?rest_route=\/wp\/v2\/pages\/14\/revisions\/661"}],"wp:attachment":[{"href":"https:\/\/davancideathdoula.com\/index.php?rest_route=%2Fwp%2Fv2%2Fmedia&parent=14"}],"curies":[{"name":"wp","href":"https:\/\/api.w.org\/{rel}","templated":true}]}}